{"id":3714,"date":"2024-01-31T09:10:36","date_gmt":"2024-01-31T08:10:36","guid":{"rendered":"https:\/\/dev.orthkluth.com\/legal-notice\/"},"modified":"2025-07-21T12:52:01","modified_gmt":"2025-07-21T10:52:01","slug":"legal-notice","status":"publish","type":"page","link":"https:\/\/orka.law\/en\/legal-notice\/","title":{"rendered":"Legal Notice"},"content":{"rendered":"\t\t<div data-elementor-type=\"wp-post\" data-elementor-id=\"3714\" class=\"elementor elementor-3714 elementor-2393\" data-elementor-post-type=\"page\">\n\t\t\t\t<div class=\"elementor-element elementor-element-458cf01 e-con-full e-flex e-con e-parent\" data-id=\"458cf01\" data-element_type=\"container\" data-e-type=\"container\">\n\t\t\t\t<div class=\"elementor-element elementor-element-1009f66 elementor-widget elementor-widget-heading\" data-id=\"1009f66\" data-element_type=\"widget\" data-e-type=\"widget\" data-widget_type=\"heading.default\">\n\t\t\t\t<div class=\"elementor-widget-container\">\n\t\t\t\t\t<h1 class=\"elementor-heading-title elementor-size-default\">Legal Notice<\/h1>\t\t\t\t<\/div>\n\t\t\t\t<\/div>\n\t\t\t\t<\/div>\n\t\t<div class=\"elementor-element elementor-element-e023177 e-con-full e-flex e-con e-parent\" data-id=\"e023177\" data-element_type=\"container\" data-e-type=\"container\">\n\t\t<div class=\"elementor-element elementor-element-92c5121 e-con-full e-flex e-con e-child\" data-id=\"92c5121\" data-element_type=\"container\" data-e-type=\"container\">\n\t\t\t\t<\/div>\n\t\t<div class=\"elementor-element elementor-element-ea7c73e e-con-full e-flex e-con e-child\" data-id=\"ea7c73e\" data-element_type=\"container\" data-e-type=\"container\">\n\t\t\t\t<div class=\"elementor-element elementor-element-6b0e3d5 elementor-widget elementor-widget-text-editor\" data-id=\"6b0e3d5\" data-element_type=\"widget\" data-e-type=\"widget\" data-widget_type=\"text-editor.default\">\n\t\t\t\t<div class=\"elementor-widget-container\">\n\t\t\t\t\t\t\t\t\t<p><strong>Name and legal form:<\/strong><\/p><p>orka Partnerschaft mit beschr\u00e4nkter Berufshaftung (mbB), registered at Amtsgericht Essen as PR 2898.<\/p><p>Offices in D\u00fcsseldorf and Berlin. Addresses and contact details (including e-mail addresses) under &#8220;Lawyers&#8221; and &#8220;Locations&#8221;. The registered office of the partnership is D\u00fcsseldorf:<\/p><p>Kaistra\u00dfe 6<br \/>40221 D\u00fcsseldorf<br \/>Deutschland<br \/>T +49 211 60035-0<br \/>F +49 211 60035-150<br \/><span style=\"color: #cd1619;\">\u25b8<\/span> <a href=\"mailto:info@orka.law\">info@orka.law<\/a><\/p><p>We recommend to send important messages directly to one of our lawyers.<\/p><p>Our Value added tax (VAT) identification number is DE 196001274<\/p><p><strong>List of all partners of the Partnerschaftsgesellschaft:<\/strong><\/p><p>Dr. Markus Berndt, Dr. Julius B\u00f6ckmann, Philipp Galaske, Dr. Simon Grosse-Brockhoff, Dr. Anselm Gr\u00fcn, Dr. Marc Henze, Volker Herrmann LL.M., Dr. Esther Herrnstadt, Dr. Christiane Hoffbauer, Dr. Ulla Kelp LL.M., Dr. Gary Klaft, Dr. Kai-Michael K\u00f6nig, Boris K\u00f6rner, Dr. Guido Matthey, Dr. Philipp Mels, Dr. Christian Meyer, Dafni Nikolakudi, Dr. Michael Sitsen, Margarete von Oppen and Dr. Frank W\u00e4ltermann.<\/p><p>A full list of all lawyers of our lawfirm, partners and associates, can be found under the link <a href=\"https:\/\/orka.law\/en\/team\/\">Team.<\/a><\/p><p>Dr. Robert Orth left the firm on 10.3.2025.<\/p><p>Dr. Peter Kluth left the firm as a partner on 30.09.2015 and as a lawyer on 30.09.2024.<\/p><p>If, in exceptional cases, terms such as &#8220;lawyers&#8221; are only used in the masculine form, this naturally also refers to the feminine form.<\/p><p><strong>The competent bar associations<\/strong><\/p><p><strong>D\u00fcsseldorf<\/strong><br \/>Rechtsanwaltskammer D\u00fcsseldorf<br \/>Freiligrathstra\u00dfe 25<br \/>40479 D\u00fcsseldorf<\/p><p><strong>Berlin<\/strong><br \/>Rechtsanwaltskammer Berlin<br \/>Littenstr. 9<br \/>10179 Berlin<\/p><p>Die vorbenannten Kammern (sowie die Bundesrechtsanwaltskammer) sind die zust\u00e4ndigen Stellen f\u00fcr ein au\u00dfergerichtliches Schlichtungsverfahren (Ombudsmann), Beschwerden k\u00f6nnen an die genannten Postadressen geschickt werden. Eine Beschreibung des Verfahrens befindet sich auf den angegebenen Webseiten der Kammern.<\/p><p>As long as not stated otherwise, all our lawyers are members of german bar associations and acquired the title \u201cRechtsanwalt\u201d in Germany.<\/p><p>The professional liability insurance is held with Allianz Versicherungs-AG, 10900 Berlin. The geographical scope of the insurance cover includes activities in the member states of the European Union and thus meets at least the legal requirements of Section 51 of the German Federal Lawyers&#8217; Act (BRAO).<\/p><p><strong>The applicable rules of professional conduct are especially<\/strong><\/p><ul><li>the Federal Act on Attorneys (Bundesrechtsanwaltsordnung, BRAO),<\/li><li>the Federal Rules on the Profession of the Attorney (BORA, Berufsordnung der Rechtsanw\u00e4lte),<\/li><li>the Federal Rules on Special Qualifications and Titles for Attorneys (Fachanwaltsordnung, FAO),<\/li><li>the Federal Act on Lawyers Fees (Rechtsanwaltsverg\u00fctungsgesetz, RVG),<\/li><li>the European Union\u2019s Rules for the exercise of the legal profession.<\/li><\/ul><p>These and other applicable rules can be consulted on the site of the german federal bar association or the online collection of german legislation provided by the german Federal Ministry of Justice.<\/p><p><strong>The professional law applicable to the notary results from<\/strong><\/p><ul><li>Federal Notarial Code (BNotO),<\/li><li>Notarisation Act (BeurkG),<\/li><li>Court and Notary Fees Act (GNotKG),<\/li><li>Service regulations for notaries (DONot) and<\/li><li>Guidelines of the Berlin Chamber of Notaries,<\/li><li>Ordinance on the Keeping of Notarial Files and Directories (NotAktVV)<\/li><\/ul><p>can be found at<span style=\"color: #cd1619;\">\u25b8<\/span> <a href=\"http:\/\/www.notar.de\/der-notar\/berufsrecht\" target=\"_blank\" rel=\"noopener\">www.notar.de\/der-notar\/berufsrecht<\/a> and from<\/p><ul><li>Guidelines for the official duties and other duties of members of the Berlin Chamber of Notaries can be found at <a href=\"http:\/\/www.notarkammer-berlin.de\/kammer\/rechtsgrundlagen\" target=\"_blank\" rel=\"noopener\">\u25b8 www.notarkammer-berlin.de\/kammer\/rechtsgrundlagen.<\/a><\/li><\/ul><p>The competent supervisory authorities for the notary are The President of the Regional Court II, Littenstra\u00dfe 10, 10179 Berlin, and The President of the Court of Appeal, El\u00dfholzstra\u00dfe 30-33, 10781 Berlin, and the Senate Department for Justice and Consumer Protection.<\/p><p>Every effort has been taken to ensure the accuracy of the information on this website. However, any and all liability which might arise from your use of the information or links contained on the website is excluded. The information on this site is general information and does not constitute legal advice.<\/p><p>Despite careful checking, we cannot accept any liability for linked content, especially not for the content of pages that refer to us.<\/p><p>All rights to the content and design of these pages are held by orka Partnerschaft mbB (\u00a9 2006-2021) unless expressly stated or agreed otherwise. Individual pages of this website may be downloaded, temporarily stored and printed for exclusively private or company-internal use.<\/p><p>This legal notice and all issues regarding this website are governed by the laws of the Federal Republic of Germany.<\/p><p><strong>Alternative dispute settlement:<\/strong><\/p><p>We are not willing and not obliged to participare in consumer dispute settlement procedures at consumer arbitration bodies.<\/p>\t\t\t\t\t\t\t\t<\/div>\n\t\t\t\t<\/div>\n\t\t\t\t<\/div>\n\t\t\t\t<\/div>\n\t\t<div class=\"elementor-element elementor-element-dda6997 e-con-full e-flex e-con e-parent\" data-id=\"dda6997\" data-element_type=\"container\" data-e-type=\"container\">\n\t\t<div class=\"elementor-element elementor-element-283bddc e-con-full e-flex e-con e-child\" data-id=\"283bddc\" data-element_type=\"container\" data-e-type=\"container\">\n\t\t\t\t<\/div>\n\t\t<div class=\"elementor-element elementor-element-8a48390 e-con-full e-flex e-con e-child\" data-id=\"8a48390\" data-element_type=\"container\" data-e-type=\"container\">\n\t\t\t\t<div class=\"elementor-element elementor-element-8131013 animated-fast elementor-invisible elementor-widget elementor-widget-text-editor\" data-id=\"8131013\" data-element_type=\"widget\" data-e-type=\"widget\" data-settings=\"{&quot;_animation&quot;:&quot;fadeInRight&quot;}\" data-widget_type=\"text-editor.default\">\n\t\t\t\t<div class=\"elementor-widget-container\">\n\t\t\t\t\t\t\t\t\t<p><a style=\"color: #cd1619;\">\u25b8 <\/a><a href=\"https:\/\/orka.law\/en\/\">Homepage<\/a><\/p>\t\t\t\t\t\t\t\t<\/div>\n\t\t\t\t<\/div>\n\t\t\t\t<div class=\"elementor-element elementor-element-78ea0eb animated-fast elementor-invisible elementor-widget elementor-widget-text-editor\" data-id=\"78ea0eb\" data-element_type=\"widget\" data-e-type=\"widget\" data-settings=\"{&quot;_animation&quot;:&quot;fadeInRight&quot;,&quot;_animation_delay&quot;:100}\" data-widget_type=\"text-editor.default\">\n\t\t\t\t<div class=\"elementor-widget-container\">\n\t\t\t\t\t\t\t\t\t<p><a style=\"color: #cd1619;\">\u25b8 <\/a><a href=\"https:\/\/orka.law\/en\/contact\/\">Contact<\/a><\/p>\t\t\t\t\t\t\t\t<\/div>\n\t\t\t\t<\/div>\n\t\t\t\t<\/div>\n\t\t\t\t<\/div>\n\t\t\t\t<\/div>\n\t\t","protected":false},"excerpt":{"rendered":"<p>Legal Notice Name and legal form: orka Partnerschaft mit beschr\u00e4nkter Berufshaftung (mbB), registered at Amtsgericht Essen as PR 2898. Offices in D\u00fcsseldorf and Berlin. Addresses and<span class=\"excerpt-hellip\"> [\u2026]<\/span><\/p>\n","protected":false},"author":1,"featured_media":0,"parent":0,"menu_order":0,"comment_status":"closed","ping_status":"closed","template":"","meta":{"footnotes":""},"class_list":["post-3714","page","type-page","status-publish","hentry"],"yoast_head":"<!-- This site is optimized with the Yoast SEO plugin v27.2 - https:\/\/yoast.com\/product\/yoast-seo-wordpress\/ -->\n<title>orka Partnerschaft mbB Imprint with list of partners<\/title>\n<meta name=\"robots\" content=\"index, follow, max-snippet:-1, max-image-preview:large, max-video-preview:-1\" \/>\n<link rel=\"canonical\" href=\"https:\/\/orka.law\/en\/legal-notice\/\" \/>\n<meta property=\"og:locale\" content=\"en_US\" \/>\n<meta property=\"og:type\" content=\"article\" \/>\n<meta property=\"og:title\" content=\"orka Partnerschaft mbB Imprint with list of partners\" \/>\n<meta property=\"og:description\" content=\"Legal Notice Name and legal form: orka Partnerschaft mit beschr\u00e4nkter Berufshaftung (mbB), registered at Amtsgericht Essen as PR 2898. Offices in D\u00fcsseldorf and Berlin. Addresses and [\u2026]\" \/>\n<meta property=\"og:url\" content=\"https:\/\/orka.law\/en\/legal-notice\/\" \/>\n<meta property=\"og:site_name\" content=\"orka\" \/>\n<meta property=\"article:modified_time\" content=\"2025-07-21T10:52:01+00:00\" \/>\n<meta property=\"og:image\" content=\"https:\/\/orka.law\/wp-content\/uploads\/2024\/08\/video-bg-1.webp\" \/>\n\t<meta property=\"og:image:width\" content=\"1280\" \/>\n\t<meta property=\"og:image:height\" content=\"720\" \/>\n\t<meta property=\"og:image:type\" content=\"image\/png\" \/>\n<meta name=\"twitter:card\" content=\"summary_large_image\" \/>\n<meta name=\"twitter:label1\" content=\"Est. reading time\" \/>\n\t<meta name=\"twitter:data1\" content=\"4 minutes\" \/>\n<script type=\"application\/ld+json\" class=\"yoast-schema-graph\">{\"@context\":\"https:\/\/schema.org\",\"@graph\":[{\"@type\":\"WebPage\",\"@id\":\"https:\/\/orka.law\/en\/legal-notice\/\",\"url\":\"https:\/\/orka.law\/en\/legal-notice\/\",\"name\":\"orka Partnerschaft mbB Imprint with list of partners\",\"isPartOf\":{\"@id\":\"https:\/\/orka.law\/en\/#website\"},\"datePublished\":\"2024-01-31T08:10:36+00:00\",\"dateModified\":\"2025-07-21T10:52:01+00:00\",\"breadcrumb\":{\"@id\":\"https:\/\/orka.law\/en\/legal-notice\/#breadcrumb\"},\"inLanguage\":\"en-US\",\"potentialAction\":[{\"@type\":\"ReadAction\",\"target\":[\"https:\/\/orka.law\/en\/legal-notice\/\"]}]},{\"@type\":\"BreadcrumbList\",\"@id\":\"https:\/\/orka.law\/en\/legal-notice\/#breadcrumb\",\"itemListElement\":[{\"@type\":\"ListItem\",\"position\":1,\"name\":\"Startseite\",\"item\":\"https:\/\/orka.law\/en\/home\/\"},{\"@type\":\"ListItem\",\"position\":2,\"name\":\"Legal Notice\"}]},{\"@type\":\"WebSite\",\"@id\":\"https:\/\/orka.law\/en\/#website\",\"url\":\"https:\/\/orka.law\/en\/\",\"name\":\"orka\",\"description\":\"Partnerschaft mbB\",\"publisher\":{\"@id\":\"https:\/\/orka.law\/en\/#organization\"},\"potentialAction\":[{\"@type\":\"SearchAction\",\"target\":{\"@type\":\"EntryPoint\",\"urlTemplate\":\"https:\/\/orka.law\/en\/?s={search_term_string}\"},\"query-input\":{\"@type\":\"PropertyValueSpecification\",\"valueRequired\":true,\"valueName\":\"search_term_string\"}}],\"inLanguage\":\"en-US\"},{\"@type\":\"Organization\",\"@id\":\"https:\/\/orka.law\/en\/#organization\",\"name\":\"orka Partnerschaft mbB\",\"alternateName\":\"orka\",\"url\":\"https:\/\/orka.law\/en\/\",\"logo\":{\"@type\":\"ImageObject\",\"inLanguage\":\"en-US\",\"@id\":\"https:\/\/orka.law\/en\/#\/schema\/logo\/image\/\",\"url\":\"https:\/\/orka.law\/wp-content\/uploads\/2024\/08\/video-bg-1.webp\",\"contentUrl\":\"https:\/\/orka.law\/wp-content\/uploads\/2024\/08\/video-bg-1.webp\",\"width\":1280,\"height\":720,\"caption\":\"orka Partnerschaft mbB\"},\"image\":{\"@id\":\"https:\/\/orka.law\/en\/#\/schema\/logo\/image\/\"}}]}<\/script>\n<!-- \/ Yoast SEO plugin. -->","yoast_head_json":{"title":"orka Partnerschaft mbB Imprint with list of partners","robots":{"index":"index","follow":"follow","max-snippet":"max-snippet:-1","max-image-preview":"max-image-preview:large","max-video-preview":"max-video-preview:-1"},"canonical":"https:\/\/orka.law\/en\/legal-notice\/","og_locale":"en_US","og_type":"article","og_title":"orka Partnerschaft mbB Imprint with list of partners","og_description":"Legal Notice Name and legal form: orka Partnerschaft mit beschr\u00e4nkter Berufshaftung (mbB), registered at Amtsgericht Essen as PR 2898. Offices in D\u00fcsseldorf and Berlin. Addresses and [\u2026]","og_url":"https:\/\/orka.law\/en\/legal-notice\/","og_site_name":"orka","article_modified_time":"2025-07-21T10:52:01+00:00","og_image":[{"width":1280,"height":720,"url":"https:\/\/orka.law\/wp-content\/uploads\/2024\/08\/video-bg-1.webp","type":"image\/png"}],"twitter_card":"summary_large_image","twitter_misc":{"Est. reading time":"4 minutes"},"schema":{"@context":"https:\/\/schema.org","@graph":[{"@type":"WebPage","@id":"https:\/\/orka.law\/en\/legal-notice\/","url":"https:\/\/orka.law\/en\/legal-notice\/","name":"orka Partnerschaft mbB Imprint with list of partners","isPartOf":{"@id":"https:\/\/orka.law\/en\/#website"},"datePublished":"2024-01-31T08:10:36+00:00","dateModified":"2025-07-21T10:52:01+00:00","breadcrumb":{"@id":"https:\/\/orka.law\/en\/legal-notice\/#breadcrumb"},"inLanguage":"en-US","potentialAction":[{"@type":"ReadAction","target":["https:\/\/orka.law\/en\/legal-notice\/"]}]},{"@type":"BreadcrumbList","@id":"https:\/\/orka.law\/en\/legal-notice\/#breadcrumb","itemListElement":[{"@type":"ListItem","position":1,"name":"Startseite","item":"https:\/\/orka.law\/en\/home\/"},{"@type":"ListItem","position":2,"name":"Legal Notice"}]},{"@type":"WebSite","@id":"https:\/\/orka.law\/en\/#website","url":"https:\/\/orka.law\/en\/","name":"orka","description":"Partnerschaft mbB","publisher":{"@id":"https:\/\/orka.law\/en\/#organization"},"potentialAction":[{"@type":"SearchAction","target":{"@type":"EntryPoint","urlTemplate":"https:\/\/orka.law\/en\/?s={search_term_string}"},"query-input":{"@type":"PropertyValueSpecification","valueRequired":true,"valueName":"search_term_string"}}],"inLanguage":"en-US"},{"@type":"Organization","@id":"https:\/\/orka.law\/en\/#organization","name":"orka Partnerschaft mbB","alternateName":"orka","url":"https:\/\/orka.law\/en\/","logo":{"@type":"ImageObject","inLanguage":"en-US","@id":"https:\/\/orka.law\/en\/#\/schema\/logo\/image\/","url":"https:\/\/orka.law\/wp-content\/uploads\/2024\/08\/video-bg-1.webp","contentUrl":"https:\/\/orka.law\/wp-content\/uploads\/2024\/08\/video-bg-1.webp","width":1280,"height":720,"caption":"orka Partnerschaft mbB"},"image":{"@id":"https:\/\/orka.law\/en\/#\/schema\/logo\/image\/"}}]}},"_links":{"self":[{"href":"https:\/\/orka.law\/en\/wp-json\/wp\/v2\/pages\/3714","targetHints":{"allow":["GET"]}}],"collection":[{"href":"https:\/\/orka.law\/en\/wp-json\/wp\/v2\/pages"}],"about":[{"href":"https:\/\/orka.law\/en\/wp-json\/wp\/v2\/types\/page"}],"author":[{"embeddable":true,"href":"https:\/\/orka.law\/en\/wp-json\/wp\/v2\/users\/1"}],"replies":[{"embeddable":true,"href":"https:\/\/orka.law\/en\/wp-json\/wp\/v2\/comments?post=3714"}],"version-history":[{"count":0,"href":"https:\/\/orka.law\/en\/wp-json\/wp\/v2\/pages\/3714\/revisions"}],"wp:attachment":[{"href":"https:\/\/orka.law\/en\/wp-json\/wp\/v2\/media?parent=3714"}],"curies":[{"name":"wp","href":"https:\/\/api.w.org\/{rel}","templated":true}]}}