{"id":3712,"date":"2024-01-24T17:48:05","date_gmt":"2024-01-24T16:48:05","guid":{"rendered":"https:\/\/dev.orthkluth.com\/contact\/"},"modified":"2025-04-10T14:42:24","modified_gmt":"2025-04-10T12:42:24","slug":"contact","status":"publish","type":"page","link":"https:\/\/orka.law\/en\/contact\/","title":{"rendered":"Contact"},"content":{"rendered":"\t\t<div data-elementor-type=\"wp-post\" data-elementor-id=\"3712\" class=\"elementor elementor-3712 elementor-2227\" data-elementor-post-type=\"page\">\n\t\t\t\t<div class=\"elementor-element elementor-element-0ae1f79 e-con-full e-flex e-con e-parent\" data-id=\"0ae1f79\" data-element_type=\"container\" data-e-type=\"container\">\n\t\t<div class=\"elementor-element elementor-element-2ff40bd e-con-full e-flex e-con e-child\" data-id=\"2ff40bd\" data-element_type=\"container\" data-e-type=\"container\">\n\t\t\t\t<div class=\"elementor-element elementor-element-15535e1 elementor-widget elementor-widget-video\" data-id=\"15535e1\" data-element_type=\"widget\" data-e-type=\"widget\" data-settings=\"{&quot;video_type&quot;:&quot;hosted&quot;,&quot;autoplay&quot;:&quot;yes&quot;,&quot;play_on_mobile&quot;:&quot;yes&quot;,&quot;mute&quot;:&quot;yes&quot;,&quot;loop&quot;:&quot;yes&quot;}\" data-widget_type=\"video.default\">\n\t\t\t\t<div class=\"elementor-widget-container\">\n\t\t\t\t\t\t\t<div class=\"e-hosted-video elementor-wrapper elementor-open-inline\">\n\t\t\t\t\t<video class=\"elementor-video\" src=\"https:\/\/orka.law\/wp-content\/uploads\/2024\/08\/14_Kontakt-Duesseldorf_L.webm\" autoplay=\"\" loop=\"\" muted=\"muted\" playsinline=\"\" controlsList=\"nodownload\"><\/video>\n\t\t\t\t<\/div>\n\t\t\t\t\t\t<\/div>\n\t\t\t\t<\/div>\n\t\t<div class=\"elementor-element elementor-element-02bca2c e-con-full e-flex e-con e-child\" data-id=\"02bca2c\" data-element_type=\"container\" data-e-type=\"container\">\n\t\t\t\t<div class=\"elementor-element elementor-element-6fcfff0 elementor-widget elementor-widget-heading\" data-id=\"6fcfff0\" data-element_type=\"widget\" data-e-type=\"widget\" data-widget_type=\"heading.default\">\n\t\t\t\t<div class=\"elementor-widget-container\">\n\t\t\t\t\t<h1 class=\"elementor-heading-title elementor-size-default\">D\u00fcsseldorf<\/h1>\t\t\t\t<\/div>\n\t\t\t\t<\/div>\n\t\t\t\t<div class=\"elementor-element elementor-element-ee1504a elementor-widget elementor-widget-text-editor\" data-id=\"ee1504a\" data-element_type=\"widget\" data-e-type=\"widget\" data-widget_type=\"text-editor.default\">\n\t\t\t\t<div class=\"elementor-widget-container\">\n\t\t\t\t\t\t\t\t\t<p>Kaistra\u00dfe 6<br>40221 D\u00fcsseldorf<br>T +49 211 60035-0<br>F +49 211 60035-150<br><a href=\"mailto:info@orka.law\"><strong>info@orka.law<\/strong><\/a><\/p><p><span style=\"color: #cd1619;\">\u25b8<\/span> <a href=\"https:\/\/www.google.com\/maps\/place\/Orth+Kluth+Rechtsanw%C3%A4lte\/@51.2132426,6.7520661,18z\/data=!3m1!4b1!4m6!3m5!1s0x47b8cba78e09c77d:0xe4b80f582db1c916!8m2!3d51.2140558!4d6.7515136!16s%2Fg%2F1hhxdwrhg?entry=ttu\" target=\"_blank\" rel=\"noopener\">How to find us (Google Maps)<\/a><\/p>\t\t\t\t\t\t\t\t<\/div>\n\t\t\t\t<\/div>\n\t\t\t\t<\/div>\n\t\t\t\t<\/div>\n\t\t<div class=\"elementor-element elementor-element-dd538a0 e-con-full e-flex e-con e-child\" data-id=\"dd538a0\" data-element_type=\"container\" data-e-type=\"container\">\n\t\t\t\t<div class=\"elementor-element elementor-element-f183187 elementor-widget elementor-widget-video\" data-id=\"f183187\" data-element_type=\"widget\" data-e-type=\"widget\" data-settings=\"{&quot;video_type&quot;:&quot;hosted&quot;,&quot;autoplay&quot;:&quot;yes&quot;,&quot;play_on_mobile&quot;:&quot;yes&quot;,&quot;mute&quot;:&quot;yes&quot;,&quot;loop&quot;:&quot;yes&quot;}\" data-widget_type=\"video.default\">\n\t\t\t\t<div class=\"elementor-widget-container\">\n\t\t\t\t\t\t\t<div class=\"e-hosted-video elementor-wrapper elementor-open-inline\">\n\t\t\t\t\t<video class=\"elementor-video\" src=\"https:\/\/orka.law\/wp-content\/uploads\/2024\/08\/14_Kontakt-Berlin_R.webm\" autoplay=\"\" loop=\"\" muted=\"muted\" playsinline=\"\" controlsList=\"nodownload\"><\/video>\n\t\t\t\t<\/div>\n\t\t\t\t\t\t<\/div>\n\t\t\t\t<\/div>\n\t\t<div class=\"elementor-element elementor-element-3722501 e-con-full e-flex e-con e-child\" data-id=\"3722501\" data-element_type=\"container\" data-e-type=\"container\">\n\t\t\t\t<div class=\"elementor-element elementor-element-2cbb924 elementor-widget elementor-widget-heading\" data-id=\"2cbb924\" data-element_type=\"widget\" data-e-type=\"widget\" data-widget_type=\"heading.default\">\n\t\t\t\t<div class=\"elementor-widget-container\">\n\t\t\t\t\t<h1 class=\"elementor-heading-title elementor-size-default\">Berlin<\/h1>\t\t\t\t<\/div>\n\t\t\t\t<\/div>\n\t\t\t\t<div class=\"elementor-element elementor-element-fa0e636 elementor-widget elementor-widget-text-editor\" data-id=\"fa0e636\" data-element_type=\"widget\" data-e-type=\"widget\" data-widget_type=\"text-editor.default\">\n\t\t\t\t<div class=\"elementor-widget-container\">\n\t\t\t\t\t\t\t\t\t<p>Heidestra\u00dfe 9<br>10557 Berlin<br>T +49 30 509320-0<br>F +49 30 509320-129<br><a href=\"mailto:info@orka.law\"><strong>info@orka.law<\/strong><\/a><\/p><p><span style=\"color: #cd1619;\">\u25b8<\/span> <a href=\"https:\/\/www.google.com\/maps\/place\/Heidestra%C3%9Fe+9,+10557+Berlin\/@52.5303561,13.3689032,17z\/data=!3m1!4b1!4m6!3m5!1s0x47a85197298e44e3:0x8cc2c0055bf8c7d1!8m2!3d52.5303561!4d13.3689032!16s%2Fg%2F11p9sn_ycw?entry=ttu\" target=\"_blank\" rel=\"noopener\">How to find us (Google Maps)<\/a><\/p>\t\t\t\t\t\t\t\t<\/div>\n\t\t\t\t<\/div>\n\t\t\t\t<\/div>\n\t\t\t\t<\/div>\n\t\t\t\t<\/div>\n\t\t<div class=\"elementor-element elementor-element-ce6630b e-con-full e-flex e-con e-parent\" data-id=\"ce6630b\" data-element_type=\"container\" data-e-type=\"container\">\n\t\t\t\t<div class=\"elementor-element elementor-element-5ba9932 elementor-widget__width-initial elementor-widget elementor-widget-html\" data-id=\"5ba9932\" data-element_type=\"widget\" data-e-type=\"widget\" data-widget_type=\"html.default\">\n\t\t\t\t<div class=\"elementor-widget-container\">\n\t\t\t\t\t<div data-form-block-id=\"fe2dd2d3-2948-ef11-bfe2-7c1e52132dbe\"><\/div> <script src=\"https:\/\/mktdplp102cdn.azureedge.net\/public\/latest\/js\/form-loader.js?v=1.84.2007\"><\/script> <div id=\"dVb6eZN-ViwlRndXAzKbeiallv-LMxuaXFIjuMooReSQ\"><\/div><script src=\"https:\/\/mktdplp102cdn.azureedge.net\/public\/latest\/js\/ws-tracking.js?v=1.84.2007\"><\/script><div class=\"d365-mkt-config\" style=\"display:none\" data-website-id=\"Vb6eZN-ViwlRndXAzKbeiallv-LMxuaXFIjuMooReSQ\" data-hostname=\"f198756fe0244897b98683cd2058fad8.svc.dynamics.com\"><\/div>\t\t\t\t<\/div>\n\t\t\t\t<\/div>\n\t\t\t\t<\/div>\n\t\t<div class=\"elementor-element elementor-element-45fdf71 e-con-full e-flex e-con e-parent\" data-id=\"45fdf71\" data-element_type=\"container\" data-e-type=\"container\">\n\t\t<div class=\"elementor-element elementor-element-76f0f75 e-con-full e-flex e-con e-child\" data-id=\"76f0f75\" data-element_type=\"container\" data-e-type=\"container\">\n\t\t\t\t<\/div>\n\t\t<div class=\"elementor-element elementor-element-9f9f3d2 e-con-full e-flex e-con e-child\" data-id=\"9f9f3d2\" data-element_type=\"container\" data-e-type=\"container\">\n\t\t\t\t<div class=\"elementor-element elementor-element-bff2e73 animated-fast elementor-invisible elementor-widget elementor-widget-text-editor\" data-id=\"bff2e73\" data-element_type=\"widget\" data-e-type=\"widget\" data-settings=\"{&quot;_animation&quot;:&quot;fadeInRight&quot;}\" data-widget_type=\"text-editor.default\">\n\t\t\t\t<div class=\"elementor-widget-container\">\n\t\t\t\t\t\t\t\t\t<p><a style=\"color: #cd1619;\">\u25b8 <\/a><a href=\"https:\/\/orka.law\/en\/\">Homepage<\/a><\/p>\t\t\t\t\t\t\t\t<\/div>\n\t\t\t\t<\/div>\n\t\t\t\t<\/div>\n\t\t\t\t<\/div>\n\t\t\t\t<\/div>\n\t\t","protected":false},"excerpt":{"rendered":"<p>https:\/\/orka.law\/wp-content\/uploads\/2024\/08\/14_Kontakt-Duesseldorf_L.webm D\u00fcsseldorf Kaistra\u00dfe 640221 D\u00fcsseldorfT +49 211 60035-0F +49 211 60035-150info@orka.law \u25b8 How to find us (Google Maps) https:\/\/orka.law\/wp-content\/uploads\/2024\/08\/14_Kontakt-Berlin_R.webm Berlin Heidestra\u00dfe 910557 BerlinT +49 30 509320-0F<span class=\"excerpt-hellip\"> [\u2026]<\/span><\/p>\n","protected":false},"author":1,"featured_media":0,"parent":0,"menu_order":0,"comment_status":"closed","ping_status":"closed","template":"","meta":{"footnotes":""},"class_list":["post-3712","page","type-page","status-publish","hentry"],"yoast_head":"<!-- This site is optimized with the Yoast SEO plugin v27.2 - https:\/\/yoast.com\/product\/yoast-seo-wordpress\/ -->\n<title>orka | Attorneys at Law, contact, telephone, email and directions<\/title>\n<meta name=\"robots\" content=\"index, follow, max-snippet:-1, max-image-preview:large, max-video-preview:-1\" \/>\n<link rel=\"canonical\" href=\"https:\/\/orka.law\/en\/contact\/\" \/>\n<meta property=\"og:locale\" content=\"en_US\" \/>\n<meta property=\"og:type\" content=\"article\" \/>\n<meta property=\"og:title\" content=\"orka | Attorneys at Law, contact, telephone, email and directions\" \/>\n<meta property=\"og:description\" content=\"https:\/\/orka.law\/wp-content\/uploads\/2024\/08\/14_Kontakt-Duesseldorf_L.webm D\u00fcsseldorf Kaistra\u00dfe 640221 D\u00fcsseldorfT +49 211 60035-0F +49 211 60035-150info@orka.law \u25b8 How to find us (Google Maps) https:\/\/orka.law\/wp-content\/uploads\/2024\/08\/14_Kontakt-Berlin_R.webm Berlin Heidestra\u00dfe 910557 BerlinT +49 30 509320-0F [\u2026]\" \/>\n<meta property=\"og:url\" content=\"https:\/\/orka.law\/en\/contact\/\" \/>\n<meta property=\"og:site_name\" content=\"orka\" \/>\n<meta property=\"article:modified_time\" content=\"2025-04-10T12:42:24+00:00\" \/>\n<meta property=\"og:image\" content=\"https:\/\/orka.law\/wp-content\/uploads\/2024\/08\/video-bg-1.webp\" \/>\n\t<meta property=\"og:image:width\" content=\"1280\" \/>\n\t<meta property=\"og:image:height\" content=\"720\" \/>\n\t<meta property=\"og:image:type\" content=\"image\/png\" \/>\n<meta name=\"twitter:card\" content=\"summary_large_image\" \/>\n<meta name=\"twitter:label1\" content=\"Est. reading time\" \/>\n\t<meta name=\"twitter:data1\" content=\"1 minute\" \/>\n<script type=\"application\/ld+json\" class=\"yoast-schema-graph\">{\"@context\":\"https:\/\/schema.org\",\"@graph\":[{\"@type\":\"WebPage\",\"@id\":\"https:\/\/orka.law\/en\/contact\/\",\"url\":\"https:\/\/orka.law\/en\/contact\/\",\"name\":\"orka | Attorneys at Law, contact, telephone, email and directions\",\"isPartOf\":{\"@id\":\"https:\/\/orka.law\/en\/#website\"},\"datePublished\":\"2024-01-24T16:48:05+00:00\",\"dateModified\":\"2025-04-10T12:42:24+00:00\",\"breadcrumb\":{\"@id\":\"https:\/\/orka.law\/en\/contact\/#breadcrumb\"},\"inLanguage\":\"en-US\",\"potentialAction\":[{\"@type\":\"ReadAction\",\"target\":[\"https:\/\/orka.law\/en\/contact\/\"]}]},{\"@type\":\"BreadcrumbList\",\"@id\":\"https:\/\/orka.law\/en\/contact\/#breadcrumb\",\"itemListElement\":[{\"@type\":\"ListItem\",\"position\":1,\"name\":\"Startseite\",\"item\":\"https:\/\/orka.law\/en\/home\/\"},{\"@type\":\"ListItem\",\"position\":2,\"name\":\"Contact\"}]},{\"@type\":\"WebSite\",\"@id\":\"https:\/\/orka.law\/en\/#website\",\"url\":\"https:\/\/orka.law\/en\/\",\"name\":\"orka\",\"description\":\"Partnerschaft mbB\",\"publisher\":{\"@id\":\"https:\/\/orka.law\/en\/#organization\"},\"potentialAction\":[{\"@type\":\"SearchAction\",\"target\":{\"@type\":\"EntryPoint\",\"urlTemplate\":\"https:\/\/orka.law\/en\/?s={search_term_string}\"},\"query-input\":{\"@type\":\"PropertyValueSpecification\",\"valueRequired\":true,\"valueName\":\"search_term_string\"}}],\"inLanguage\":\"en-US\"},{\"@type\":\"Organization\",\"@id\":\"https:\/\/orka.law\/en\/#organization\",\"name\":\"orka Partnerschaft mbB\",\"alternateName\":\"orka\",\"url\":\"https:\/\/orka.law\/en\/\",\"logo\":{\"@type\":\"ImageObject\",\"inLanguage\":\"en-US\",\"@id\":\"https:\/\/orka.law\/en\/#\/schema\/logo\/image\/\",\"url\":\"https:\/\/orka.law\/wp-content\/uploads\/2024\/08\/video-bg-1.webp\",\"contentUrl\":\"https:\/\/orka.law\/wp-content\/uploads\/2024\/08\/video-bg-1.webp\",\"width\":1280,\"height\":720,\"caption\":\"orka Partnerschaft mbB\"},\"image\":{\"@id\":\"https:\/\/orka.law\/en\/#\/schema\/logo\/image\/\"}}]}<\/script>\n<!-- \/ Yoast SEO plugin. -->","yoast_head_json":{"title":"orka | Attorneys at Law, contact, telephone, email and directions","robots":{"index":"index","follow":"follow","max-snippet":"max-snippet:-1","max-image-preview":"max-image-preview:large","max-video-preview":"max-video-preview:-1"},"canonical":"https:\/\/orka.law\/en\/contact\/","og_locale":"en_US","og_type":"article","og_title":"orka | Attorneys at Law, contact, telephone, email and directions","og_description":"https:\/\/orka.law\/wp-content\/uploads\/2024\/08\/14_Kontakt-Duesseldorf_L.webm D\u00fcsseldorf Kaistra\u00dfe 640221 D\u00fcsseldorfT +49 211 60035-0F +49 211 60035-150info@orka.law \u25b8 How to find us (Google Maps) https:\/\/orka.law\/wp-content\/uploads\/2024\/08\/14_Kontakt-Berlin_R.webm Berlin Heidestra\u00dfe 910557 BerlinT +49 30 509320-0F [\u2026]","og_url":"https:\/\/orka.law\/en\/contact\/","og_site_name":"orka","article_modified_time":"2025-04-10T12:42:24+00:00","og_image":[{"width":1280,"height":720,"url":"https:\/\/orka.law\/wp-content\/uploads\/2024\/08\/video-bg-1.webp","type":"image\/png"}],"twitter_card":"summary_large_image","twitter_misc":{"Est. reading time":"1 minute"},"schema":{"@context":"https:\/\/schema.org","@graph":[{"@type":"WebPage","@id":"https:\/\/orka.law\/en\/contact\/","url":"https:\/\/orka.law\/en\/contact\/","name":"orka | Attorneys at Law, contact, telephone, email and directions","isPartOf":{"@id":"https:\/\/orka.law\/en\/#website"},"datePublished":"2024-01-24T16:48:05+00:00","dateModified":"2025-04-10T12:42:24+00:00","breadcrumb":{"@id":"https:\/\/orka.law\/en\/contact\/#breadcrumb"},"inLanguage":"en-US","potentialAction":[{"@type":"ReadAction","target":["https:\/\/orka.law\/en\/contact\/"]}]},{"@type":"BreadcrumbList","@id":"https:\/\/orka.law\/en\/contact\/#breadcrumb","itemListElement":[{"@type":"ListItem","position":1,"name":"Startseite","item":"https:\/\/orka.law\/en\/home\/"},{"@type":"ListItem","position":2,"name":"Contact"}]},{"@type":"WebSite","@id":"https:\/\/orka.law\/en\/#website","url":"https:\/\/orka.law\/en\/","name":"orka","description":"Partnerschaft mbB","publisher":{"@id":"https:\/\/orka.law\/en\/#organization"},"potentialAction":[{"@type":"SearchAction","target":{"@type":"EntryPoint","urlTemplate":"https:\/\/orka.law\/en\/?s={search_term_string}"},"query-input":{"@type":"PropertyValueSpecification","valueRequired":true,"valueName":"search_term_string"}}],"inLanguage":"en-US"},{"@type":"Organization","@id":"https:\/\/orka.law\/en\/#organization","name":"orka Partnerschaft mbB","alternateName":"orka","url":"https:\/\/orka.law\/en\/","logo":{"@type":"ImageObject","inLanguage":"en-US","@id":"https:\/\/orka.law\/en\/#\/schema\/logo\/image\/","url":"https:\/\/orka.law\/wp-content\/uploads\/2024\/08\/video-bg-1.webp","contentUrl":"https:\/\/orka.law\/wp-content\/uploads\/2024\/08\/video-bg-1.webp","width":1280,"height":720,"caption":"orka Partnerschaft mbB"},"image":{"@id":"https:\/\/orka.law\/en\/#\/schema\/logo\/image\/"}}]}},"_links":{"self":[{"href":"https:\/\/orka.law\/en\/wp-json\/wp\/v2\/pages\/3712","targetHints":{"allow":["GET"]}}],"collection":[{"href":"https:\/\/orka.law\/en\/wp-json\/wp\/v2\/pages"}],"about":[{"href":"https:\/\/orka.law\/en\/wp-json\/wp\/v2\/types\/page"}],"author":[{"embeddable":true,"href":"https:\/\/orka.law\/en\/wp-json\/wp\/v2\/users\/1"}],"replies":[{"embeddable":true,"href":"https:\/\/orka.law\/en\/wp-json\/wp\/v2\/comments?post=3712"}],"version-history":[{"count":0,"href":"https:\/\/orka.law\/en\/wp-json\/wp\/v2\/pages\/3712\/revisions"}],"wp:attachment":[{"href":"https:\/\/orka.law\/en\/wp-json\/wp\/v2\/media?parent=3712"}],"curies":[{"name":"wp","href":"https:\/\/api.w.org\/{rel}","templated":true}]}}